{"id":145,"date":"2021-11-12T12:08:21","date_gmt":"2021-11-12T12:08:21","guid":{"rendered":"https:\/\/www.luzukdemo.com\/demo\/kitchen-decor\/?page_id=145"},"modified":"2021-11-12T12:08:21","modified_gmt":"2021-11-12T12:08:21","slug":"services","status":"publish","type":"page","link":"https:\/\/biscuit-electricite-service.fr\/?page_id=145","title":{"rendered":"Services"},"content":{"rendered":"\n\n                <div class=\"col-md-4 col-sm-6 single-service-bx wow zoomIn col-md-4\">\n                    <div serviceinn-match-height=\"groupName\" class=\"single-service\">\n                        <div class=\"service-img\">\n                            <a href=\"https:\/\/biscuit-electricite-service.fr\/?our-services=expert-electrician\">\n                                                                                   \n                                <img decoding=\"async\" class=\"img-responsive\" src=\"https:\/\/biscuit-electricite-service.fr\/wp-content\/uploads\/2021\/11\/slide3.jpg\" alt=\"D\u00e9pannage panne \u00e9lectrique\" \/>\n                                    <div class=\"ovrly\"><\/div>\n                            <\/a>\n                        <\/div>\n                        <div class=\"serinnbx\">\n                            <div class=\"service-icon\">\n                                <a href=\"https:\/\/biscuit-electricite-service.fr\/?our-services=expert-electrician\">\n                                    <i class=\"\"><\/i>\n                                <\/a>   \n                            <\/div>\n                            <div class=\"num\">03<\/div>\n                            <a href=\"https:\/\/biscuit-electricite-service.fr\/?our-services=expert-electrician\">\n                                <h4 class=\"post-title inner-area-title wow fadeInDown\">D\u00e9pannage panne \u00e9lectrique<\/h4>\n                            <\/a>\n                            <p class=\"section-area-text\">\n                                \r\n\r\n\r\n\r\n\r\nJe suis \u00e0 votre disposition pour diagnostiquer et r\u00e9parer rapidement t                            <\/p>\n                                                                                 <\/div>\n                    <\/div>\n      <script>\n    var matchHeight = function () {\n    \n    function init() {\n        eventListeners();\n        matchHeight();\n    }\n    \n    function eventListeners(){\n        $(window).on('resize', function() {\n            matchHeight();\n        });\n    }\n    \n    function matchHeight(){\n        var groupName = $('[serviceinn-match-height]');\n        var groupHeights = [];\n        \n        groupName.css('min-height', 'auto');\n        \n        groupName.each(function() {\n            groupHeights.push($(this).outerHeight());\n        });\n        \n        var maxHeight = Math.max.apply(null, groupHeights);\n        groupName.css('min-height', maxHeight);\n    };\n    \n    return {\n        init: init\n    };\n    \n} ();\n\n$(document).ready(function() {\n    matchHeight.init();\n});\n<\/script>\n\n                <\/div>\n\n\n                \n                <div class=\"col-md-4 col-sm-6 single-service-bx wow zoomIn col-md-4\">\n                    <div serviceinn-match-height=\"groupName\" class=\"single-service\">\n                        <div class=\"service-img\">\n                            <a href=\"https:\/\/biscuit-electricite-service.fr\/?our-services=inverter-installation-and-repairing\">\n                                                                                   \n                                <img decoding=\"async\" class=\"img-responsive\" src=\"https:\/\/biscuit-electricite-service.fr\/wp-content\/uploads\/2022\/01\/image.2.jpg\" alt=\"Remise aux normes\" \/>\n                                    <div class=\"ovrly\"><\/div>\n                            <\/a>\n                        <\/div>\n                        <div class=\"serinnbx\">\n                            <div class=\"service-icon\">\n                                <a href=\"https:\/\/biscuit-electricite-service.fr\/?our-services=inverter-installation-and-repairing\">\n                                    <i class=\"\"><\/i>\n                                <\/a>   \n                            <\/div>\n                            <div class=\"num\">02<\/div>\n                            <a href=\"https:\/\/biscuit-electricite-service.fr\/?our-services=inverter-installation-and-repairing\">\n                                <h4 class=\"post-title inner-area-title wow fadeInDown\">Remise aux normes<\/h4>\n                            <\/a>\n                            <p class=\"section-area-text\">\n                                Je vous propose de mettre votre installation \u00e9lectrique aux normes en vigueur po                            <\/p>\n                                                                                 <\/div>\n                    <\/div>\n      <script>\n    var matchHeight = function () {\n    \n    function init() {\n        eventListeners();\n        matchHeight();\n    }\n    \n    function eventListeners(){\n        $(window).on('resize', function() {\n            matchHeight();\n        });\n    }\n    \n    function matchHeight(){\n        var groupName = $('[serviceinn-match-height]');\n        var groupHeights = [];\n        \n        groupName.css('min-height', 'auto');\n        \n        groupName.each(function() {\n            groupHeights.push($(this).outerHeight());\n        });\n        \n        var maxHeight = Math.max.apply(null, groupHeights);\n        groupName.css('min-height', maxHeight);\n    };\n    \n    return {\n        init: init\n    };\n    \n} ();\n\n$(document).ready(function() {\n    matchHeight.init();\n});\n<\/script>\n\n                <\/div>\n\n\n                \n                <div class=\"col-md-4 col-sm-6 single-service-bx wow zoomIn col-md-4\">\n                    <div serviceinn-match-height=\"groupName\" class=\"single-service\">\n                        <div class=\"service-img\">\n                            <a href=\"https:\/\/biscuit-electricite-service.fr\/?our-services=extensions-and-rewiring\">\n                                                                                   \n                                <img decoding=\"async\" class=\"img-responsive\" src=\"https:\/\/biscuit-electricite-service.fr\/wp-content\/uploads\/2021\/11\/slide2.jpg\" alt=\"Tableau \u00e9lectrique\" \/>\n                                    <div class=\"ovrly\"><\/div>\n                            <\/a>\n                        <\/div>\n                        <div class=\"serinnbx\">\n                            <div class=\"service-icon\">\n                                <a href=\"https:\/\/biscuit-electricite-service.fr\/?our-services=extensions-and-rewiring\">\n                                    <i class=\"\"><\/i>\n                                <\/a>   \n                            <\/div>\n                            <div class=\"num\">01<\/div>\n                            <a href=\"https:\/\/biscuit-electricite-service.fr\/?our-services=extensions-and-rewiring\">\n                                <h4 class=\"post-title inner-area-title wow fadeInDown\">Tableau \u00e9lectrique<\/h4>\n                            <\/a>\n                            <p class=\"section-area-text\">\n                                Je propose des services complets pour l'installation, la maintenance et le rempl...                            <\/p>\n                                                                                 <\/div>\n                    <\/div>\n      <script>\n    var matchHeight = function () {\n    \n    function init() {\n        eventListeners();\n        matchHeight();\n    }\n    \n    function eventListeners(){\n        $(window).on('resize', function() {\n            matchHeight();\n        });\n    }\n    \n    function matchHeight(){\n        var groupName = $('[serviceinn-match-height]');\n        var groupHeights = [];\n        \n        groupName.css('min-height', 'auto');\n        \n        groupName.each(function() {\n            groupHeights.push($(this).outerHeight());\n        });\n        \n        var maxHeight = Math.max.apply(null, groupHeights);\n        groupName.css('min-height', maxHeight);\n    };\n    \n    return {\n        init: init\n    };\n    \n} ();\n\n$(document).ready(function() {\n    matchHeight.init();\n});\n<\/script>\n\n                <\/div>\n\n\n                \n                <div class=\"col-md-4 col-sm-6 single-service-bx wow zoomIn col-md-4\">\n                    <div serviceinn-match-height=\"groupName\" class=\"single-service\">\n                        <div class=\"service-img\">\n                            <a href=\"https:\/\/biscuit-electricite-service.fr\/?our-services=interior-and-exterior-lighting\">\n                                                                                   \n                                <img decoding=\"async\" class=\"img-responsive\" src=\"https:\/\/biscuit-electricite-service.fr\/wp-content\/uploads\/2021\/11\/skill4-1.jpg\" alt=\"\u00c9clairage int\u00e9rieur et ext\u00e9rieur\" \/>\n                                    <div class=\"ovrly\"><\/div>\n                            <\/a>\n                        <\/div>\n                        <div class=\"serinnbx\">\n                            <div class=\"service-icon\">\n                                <a href=\"https:\/\/biscuit-electricite-service.fr\/?our-services=interior-and-exterior-lighting\">\n                                    <i class=\"\"><\/i>\n                                <\/a>   \n                            <\/div>\n                            <div class=\"num\">04<\/div>\n                            <a href=\"https:\/\/biscuit-electricite-service.fr\/?our-services=interior-and-exterior-lighting\">\n                                <h4 class=\"post-title inner-area-title wow fadeInDown\">\u00c9clairage int\u00e9rieur et ext\u00e9rieur<\/h4>\n                            <\/a>\n                            <p class=\"section-area-text\">\n                                Je vous propose des solutions sur mesure pour l'\u00e9clairage int\u00e9rieur et ext\u00e9rieur                            <\/p>\n                                                                                 <\/div>\n                    <\/div>\n      <script>\n    var matchHeight = function () {\n    \n    function init() {\n        eventListeners();\n        matchHeight();\n    }\n    \n    function eventListeners(){\n        $(window).on('resize', function() {\n            matchHeight();\n        });\n    }\n    \n    function matchHeight(){\n        var groupName = $('[serviceinn-match-height]');\n        var groupHeights = [];\n        \n        groupName.css('min-height', 'auto');\n        \n        groupName.each(function() {\n            groupHeights.push($(this).outerHeight());\n        });\n        \n        var maxHeight = Math.max.apply(null, groupHeights);\n        groupName.css('min-height', maxHeight);\n    };\n    \n    return {\n        init: init\n    };\n    \n} ();\n\n$(document).ready(function() {\n    matchHeight.init();\n});\n<\/script>\n\n                <\/div>\n\n\n                \n","protected":false},"excerpt":{"rendered":"","protected":false},"author":1,"featured_media":1860,"parent":0,"menu_order":0,"comment_status":"closed","ping_status":"closed","template":"","meta":{"footnotes":""},"_links":{"self":[{"href":"https:\/\/biscuit-electricite-service.fr\/index.php?rest_route=\/wp\/v2\/pages\/145"}],"collection":[{"href":"https:\/\/biscuit-electricite-service.fr\/index.php?rest_route=\/wp\/v2\/pages"}],"about":[{"href":"https:\/\/biscuit-electricite-service.fr\/index.php?rest_route=\/wp\/v2\/types\/page"}],"author":[{"embeddable":true,"href":"https:\/\/biscuit-electricite-service.fr\/index.php?rest_route=\/wp\/v2\/users\/1"}],"replies":[{"embeddable":true,"href":"https:\/\/biscuit-electricite-service.fr\/index.php?rest_route=%2Fwp%2Fv2%2Fcomments&post=145"}],"version-history":[{"count":0,"href":"https:\/\/biscuit-electricite-service.fr\/index.php?rest_route=\/wp\/v2\/pages\/145\/revisions"}],"wp:featuredmedia":[{"embeddable":true,"href":"https:\/\/biscuit-electricite-service.fr\/index.php?rest_route=\/wp\/v2\/media\/1860"}],"wp:attachment":[{"href":"https:\/\/biscuit-electricite-service.fr\/index.php?rest_route=%2Fwp%2Fv2%2Fmedia&parent=145"}],"curies":[{"name":"wp","href":"https:\/\/api.w.org\/{rel}","templated":true}]}}